{"id":70,"date":"2017-10-13T16:36:47","date_gmt":"2017-10-13T16:36:47","guid":{"rendered":"http:\/\/localhost\/wp%20jesenice\/?page_id=70"},"modified":"2018-01-13T13:10:11","modified_gmt":"2018-01-13T13:10:11","slug":"biti-boter","status":"publish","type":"page","link":"https:\/\/zupnija-jesenice.si\/index.php\/biti-boter\/","title":{"rendered":"Biti boter"},"content":{"rendered":"<h1><\/h1>\n<h1>Zakaj sploh imamo\u00a0 botre?<\/h1>\n<p>\u017de v prvih stoletjih kr\u0161\u010danstva je imel kandidat za krst (katehumen) ob sebi spremljevalca, ki ga je lahko tudi ve\u010d let pripravljal na prejem svetega krsta. Spremljal ga je v imenu cerkvenega ob\u010destva in mu pomagal pri rasti v veri. Ko je katehumen pokazal, da je sposoben \u017eiveti po evangeliju, je spremljevalec \u2013 boter jam\u010dil zanj, da je pripravljen na krst.<\/p>\n<p>Kasneje je botrstvo pomenilo prizadevanje za duhovno rast in tudi gmotno skrb za otroka. \u010ce star\u0161i niso mogli skrbeti za otroka, so bili dol\u017eni prisko\u010diti na pomo\u010d botri.<\/p>\n<p>Tudi danes ima boter pomembno vlogo. Njegova dol\u017enost je pomagati star\u0161em pri verski vzgoji otrok in dajati zgled dobrega kristjana.<\/p>\n<p>Boter je v prvi vrsti predstavnik \u017eupnijskega ob\u010destva. Po botrih Cerkev skrbi za oblikovanje svojih novih \u010dlanov in spremlja njihovo duhovno rast, zato botrom nalaga dolo\u010deno poslanstvo in odgovornost.<\/p>\n<p>Botrstvo je torej vodstvena slu\u017eba v Cerkvi. Boter je poslan od Cerkve za vodnika mlademu \u010dloveku oz. otroku. Ko pogledamo v Sveto pismo, kak\u0161na je naloga voditelja, je jasno, da je voditelj tisti, po katerem se Bog razodeva ljudstvu in mu po njem daje svoj blagoslov. Boter je torej tisti, po katerem se Bog razodeva kr\u0161\u010dencu ali birmancu in mu po njem daje svoj blagoslov. Naloga botra je torej, da naredi vse, kar je v njegovi mo\u010di, da bo blagoslov pri\u0161el do tistega, ki mu je namenjen. Pri tem se mora boter vedno bolj odpirati za Bo\u017eje delovanje v svojem \u017eivljenju in odstranjevati vse ovire, ki bi prepre\u010dile, da Bo\u017eji blagoslov v polnosti pride nad birmanca ali kr\u0161\u010denca.<\/p>\n<h1>Kak\u0161ni so pogoji za botrstvo?<\/h1>\n<p>Cerkev je tista, ki jam\u010di za botra, da bo svojo slu\u017ebo opravljal tako, kot je potrebno. Zato mora boter izpolnjevati nekatere pogoje. Zakonik cerkvenega prava in predpisi dolo\u010dajo:<\/p>\n<ol>\n<li style=\"padding-left: 30px;\">Kr\u0161\u010denec naj ima enega ali dva botra. \u010ce sta botra dva, naj bosta razli\u010dnih spolov.<\/li>\n<li style=\"padding-left: 30px;\">Za birmanca ni nujno, da ima botra; \u0161kofu ga lahko predstavi tudi kateri od star\u0161ev ali sorodnikov.<\/li>\n<li style=\"padding-left: 30px;\">O\u010de ali mati ne moreta biti botra svojemu otroku, saj jima \u017ee sama narava star\u0161evstva nalaga skrb za otroka.<\/li>\n<li style=\"padding-left: 30px;\">Boter mora biti star vsaj \u0161estnajst let in je \u017ee prejel zakramente uvajanja: krst, obhajilo in birmo.<\/li>\n<li style=\"padding-left: 30px;\">Boter naj \u017eivet v skladu z vero in nalogo, ki jo sprejema, ter daje zgled kr\u0161\u010danskega \u017eivljenja. Zato boter ne more biti \u010dlovek, ki ne upo\u0161teva Bo\u017ejih in cerkvenih zapovedi in ne prejema zakramentov, saj bi s tem kr\u0161\u010dencu ali birmancu dajal slab zgled.<\/li>\n<li style=\"padding-left: 30px;\">Boter naj bo po svojih najbolj\u0161ih mo\u010deh dejaven v \u017eupnijski skupnosti.<\/li>\n<li style=\"padding-left: 30px;\">Botru ne sme biti nalo\u017eena cerkvena kazen. Boter tudi ne more biti \u010dlovek, ki \u017eivi v zunajzakonski skupnosti ali samo v civilnem zakonu in se nima namena cerkveno poro\u010diti. Prav tako ne morejo biti botri tisti, ki so civilno poro\u010deni, nato pa civilno lo\u010deni in ponovno civilno poro\u010deni.<\/li>\n<li style=\"padding-left: 30px;\">Boter si mora pridobiti potrdilo o primernosti za botra, ki ga izda doma\u010di \u017eupnik.<\/li>\n<\/ol>\n<p>Boter pomaga pri kr\u0161\u010danski vzgoji otroka in ga spremlja. Prav glede tega je najve\u010d razhajanj in nesporazumov, saj si nekateri predstavljajo, da \u017eivijo kr\u0161\u010dansko, \u010deprav gredo v cerkev le ob\u010dasno. Za kr\u0161\u010dansko \u017eivljenje je potrebno predvsem dvoje: slaviti Boga in delati dobro. To pa vklju\u010duje prizadevanje za \u017eivljenje po Bo\u017ejih in cerkvenih zapovedih, redno prejemanje zakramentov (reden obisk nedeljske svete ma\u0161e, redna spoved, &#8230;) vsakodnevna molitev, slu\u017eenje Bogu in ljudem, vklju\u010denost v \u017eupnijsko ob\u010destvo ipd.<\/p>\n<h1>Kak\u0161ne so naloge krstnega botra?<\/h1>\n<p>Boter naj:<\/p>\n<ul>\n<li style=\"padding-left: 30px;\">pomaga star\u0161em vzgajati otroka v kr\u0161\u010danskem duhu,<\/li>\n<li style=\"padding-left: 30px;\">moli za svojega kr\u0161\u010denca\/kr\u0161\u010denko,<\/li>\n<li style=\"padding-left: 30px;\">hodi k sv. ma\u0161i in prejema zakramente,<\/li>\n<li style=\"padding-left: 30px;\">se trudi za po\u0161teno \u017eivljenje ter izpolnjevanje Bo\u017ejih in cerkvenih zapovedi in s tem daje kr\u0161\u010dencu\/ kr\u0161\u010denki lep zgled kr\u0161\u010danskega \u017eivljenja,<\/li>\n<li style=\"padding-left: 30px;\">pomaga star\u0161em posredovati kr\u0161\u010danski nauk otroku in ga u\u010diti vstopati v osebni odnos z Bogom, zlasti v molitvi,<\/li>\n<li style=\"padding-left: 30px;\">kr\u0161\u010dencu\/kr\u0161\u010denki s primerno besedo pomagati pri osebnostni in duhovni rasti.<\/li>\n<\/ul>\n<h1>Kak\u0161ne so naloge birmanskega botra?<\/h1>\n<ul>\n<li style=\"padding-left: 30px;\">Vse, kar smo zapisali o nalogah krstnega botra, velja tudi za birmanskega botra.<\/li>\n<li style=\"padding-left: 30px;\">Boter pri birmanski slovesnosti predstavi birmanca \u0161kofu ter birmovalcu in ob\u010destvu zagotavlja, da je kandidat primerno pripravljen na prejem zakramenta sv. birme.<\/li>\n<li style=\"padding-left: 30px;\">Boter, kot zastopnik celotnega ob\u010destva, svojega varovanca spremlja, da v povezanosti s skupnostjo postaja Kristusova pri\u010da.<\/li>\n<li style=\"padding-left: 30px;\">Boter s svojo bli\u017eino v birmancu krepi ob\u010dutek, da na svoji \u017eivljenjski poti ni sam.<\/li>\n<li style=\"padding-left: 30px;\">Botrstvo pomeni duhovno in \u010dlove\u0161ko bli\u017eino, ki jo boter ohranja predvsem z molitvijo za svojega birmanca. Stik lahko vzdr\u017euje tudi prek varovan\u010devih osebnih jubilejev, cerkvenih praznikov in ob posebnih dogodkih (konec \u0161olskega leta, matura, poroka \u2026).<\/li>\n<\/ul>\n<h1>Kako torej izbirati botra?<\/h1>\n<p>Za botra izberemo \u010dloveka, ki bo kr\u0161\u010dencu oziroma birmancu dejansko pomagal postati kristjan in \u017eiveti iz vere. Pri krstu izberejo botra star\u0161i, pri birmi in krstu ve\u010djega otroka pa si botra lahko izbere otrok sam.<\/p>\n<p>Dobro je upo\u0161tevati nekaj nasvetov:<\/p>\n<ul>\n<li style=\"padding-left: 30px;\">Boter bo kr\u0161\u010denca oziroma birmanca spremljal vse \u017eivljenje, zato naj bo primerne starosti.<\/li>\n<li style=\"padding-left: 30px;\">Boter naj \u017eivi dovolj blizu, da so stiki lahko rednej\u0161i. Pri tem je pomembna tako fizi\u010dna kot duhovna bli\u017eina (prijateljstvo, sorodstvo). To bo botru olaj\u0161alo izpolnjevanje njegovih dol\u017enosti.<\/li>\n<li style=\"padding-left: 30px;\">\u017de pri izbiri botra gledamo na to, da izpolnjuje zahtevane pogoje (glej pravila glede botrstva). Za botra ne prosimo \u010dloveka, ki ne izpolnjuje pogojev, da ga ne spravimo v zadrego in ne povzro\u010dimo neljubih te\u017eav.<\/li>\n<li style=\"padding-left: 30px;\">Z botrom se pravo\u010dasno pogovorimo, da si lahko pridobi potrdilo, uredi vse potrebno in se udele\u017ei priprav na botrsko slu\u017ebo.<\/li>\n<li style=\"padding-left: 30px;\">Birmanskega botra izberemo \u017ee pred za\u010detkom intenzivne priprave na birmo, da lahko birmanca v \u010dasu priprave spremlja, spodbuja in mu pomaga.<\/li>\n<\/ul>\n<p>&nbsp;<\/p>\n<h6>* Povzeto in dopolnjeno po zgibanki \u00bbPoslanstvo botra\u00ab, ki jo je izdal \u00bb\u0160kofijski katehetski urad\u00ab.<\/h6>\n<p>&nbsp;<\/p>\n","protected":false},"excerpt":{"rendered":"<p>Zakaj sploh imamo\u00a0 botre? \u017de v prvih stoletjih kr\u0161\u010danstva je imel kandidat za krst (katehumen) ob sebi spremljevalca, ki ga je lahko tudi ve\u010d let pripravljal na prejem svetega krsta. Spremljal ga je v imenu cerkvenega ob\u010destva in mu pomagal pri rasti v veri. Ko je katehumen pokazal, da je sposoben \u017eiveti po evangeliju, je [&hellip;]<\/p>\n","protected":false},"author":1,"featured_media":148,"parent":0,"menu_order":0,"comment_status":"closed","ping_status":"closed","template":"","meta":{"footnotes":""},"class_list":["post-70","page","type-page","status-publish","has-post-thumbnail","hentry"],"post_mailing_queue_ids":[],"_links":{"self":[{"href":"https:\/\/zupnija-jesenice.si\/index.php\/wp-json\/wp\/v2\/pages\/70","targetHints":{"allow":["GET"]}}],"collection":[{"href":"https:\/\/zupnija-jesenice.si\/index.php\/wp-json\/wp\/v2\/pages"}],"about":[{"href":"https:\/\/zupnija-jesenice.si\/index.php\/wp-json\/wp\/v2\/types\/page"}],"author":[{"embeddable":true,"href":"https:\/\/zupnija-jesenice.si\/index.php\/wp-json\/wp\/v2\/users\/1"}],"replies":[{"embeddable":true,"href":"https:\/\/zupnija-jesenice.si\/index.php\/wp-json\/wp\/v2\/comments?post=70"}],"version-history":[{"count":4,"href":"https:\/\/zupnija-jesenice.si\/index.php\/wp-json\/wp\/v2\/pages\/70\/revisions"}],"predecessor-version":[{"id":166,"href":"https:\/\/zupnija-jesenice.si\/index.php\/wp-json\/wp\/v2\/pages\/70\/revisions\/166"}],"wp:featuredmedia":[{"embeddable":true,"href":"https:\/\/zupnija-jesenice.si\/index.php\/wp-json\/wp\/v2\/media\/148"}],"wp:attachment":[{"href":"https:\/\/zupnija-jesenice.si\/index.php\/wp-json\/wp\/v2\/media?parent=70"}],"curies":[{"name":"wp","href":"https:\/\/api.w.org\/{rel}","templated":true}]}}