{"id":50,"date":"2017-08-28T12:40:29","date_gmt":"2017-08-28T12:40:29","guid":{"rendered":"http:\/\/localhost\/wp%20jesenice\/?page_id=50"},"modified":"2022-12-01T13:36:46","modified_gmt":"2022-12-01T12:36:46","slug":"pogreb","status":"publish","type":"page","link":"https:\/\/zupnija-jesenice.si\/index.php\/pogreb\/","title":{"rendered":"Pogreb"},"content":{"rendered":"<p>Jezus nam podarja ve\u010dno \u017eivljenje. Zato se kristjani poslovimo od na\u0161ih umrlih v upanju, da bodo po Bo\u017ejem usmiljenju pri\u0161li v nebesa. Tako je pogreb predvsem molitev za pokojnikovo du\u0161o.<\/p>\n<h1>Prijava pogreba<\/h1>\n<p>Ob nastopu smrti v nekaterih \u017eupnijah zvonijo najmanj\u0161i zvon, \u02ddcingelc\u02dd mu pravimo. Medtem ko du\u0161a potuje proti Bogu, smo povabljeni, da v teh trenutkih pre\u017eivimo v zbranosti in molitvi za rajno osebo.<\/p>\n<p>Prosimo Vas, da \u017eupnijo kontaktirate \u010dimprej, najkasneje pa ko ste na jeseni\u0161ki komunali izvedeli za mo\u017enost dneva in ure. Ko se termin potrdi tudi z na\u0161e strani, sporo\u010dite dan in uro pogreba tudi vsem drugim svojcem. Hkrati se bomo tudi dogovorili, kdaj boste pri\u0161li v \u017eupni\u0161\u010de vpisat potrebne podatke.<\/p>\n<p>\u017dupnijski telefon: 064-223-978<br \/>\nv primerih dalj\u0161e odsotnosti: 040-228-826 (Jo\u017ee Hauptman, \u017eupr).<\/p>\n","protected":false},"excerpt":{"rendered":"<p>Jezus nam podarja ve\u010dno \u017eivljenje. Zato se kristjani poslovimo od na\u0161ih umrlih v upanju, da bodo po Bo\u017ejem usmiljenju pri\u0161li v nebesa. Tako je pogreb predvsem molitev za pokojnikovo du\u0161o. Prijava pogreba Ob nastopu smrti v nekaterih \u017eupnijah zvonijo najmanj\u0161i zvon, \u02ddcingelc\u02dd mu pravimo. Medtem ko du\u0161a potuje proti Bogu, smo povabljeni, da v teh [&hellip;]<\/p>\n","protected":false},"author":1,"featured_media":212,"parent":0,"menu_order":0,"comment_status":"closed","ping_status":"closed","template":"","meta":{"footnotes":""},"class_list":["post-50","page","type-page","status-publish","has-post-thumbnail","hentry"],"post_mailing_queue_ids":[],"_links":{"self":[{"href":"https:\/\/zupnija-jesenice.si\/index.php\/wp-json\/wp\/v2\/pages\/50","targetHints":{"allow":["GET"]}}],"collection":[{"href":"https:\/\/zupnija-jesenice.si\/index.php\/wp-json\/wp\/v2\/pages"}],"about":[{"href":"https:\/\/zupnija-jesenice.si\/index.php\/wp-json\/wp\/v2\/types\/page"}],"author":[{"embeddable":true,"href":"https:\/\/zupnija-jesenice.si\/index.php\/wp-json\/wp\/v2\/users\/1"}],"replies":[{"embeddable":true,"href":"https:\/\/zupnija-jesenice.si\/index.php\/wp-json\/wp\/v2\/comments?post=50"}],"version-history":[{"count":9,"href":"https:\/\/zupnija-jesenice.si\/index.php\/wp-json\/wp\/v2\/pages\/50\/revisions"}],"predecessor-version":[{"id":1915,"href":"https:\/\/zupnija-jesenice.si\/index.php\/wp-json\/wp\/v2\/pages\/50\/revisions\/1915"}],"wp:featuredmedia":[{"embeddable":true,"href":"https:\/\/zupnija-jesenice.si\/index.php\/wp-json\/wp\/v2\/media\/212"}],"wp:attachment":[{"href":"https:\/\/zupnija-jesenice.si\/index.php\/wp-json\/wp\/v2\/media?parent=50"}],"curies":[{"name":"wp","href":"https:\/\/api.w.org\/{rel}","templated":true}]}}