{"id":46,"date":"2017-08-26T11:27:49","date_gmt":"2017-08-26T11:27:49","guid":{"rendered":"http:\/\/localhost\/wp%20jesenice\/?page_id=46"},"modified":"2018-01-13T12:59:17","modified_gmt":"2018-01-13T12:59:17","slug":"krstite-svojega-otroka","status":"publish","type":"page","link":"https:\/\/zupnija-jesenice.si\/index.php\/zakramenti\/krst\/krstite-svojega-otroka\/","title":{"rendered":"Krst otrok"},"content":{"rendered":"<blockquote><p>Pustite\u00a0otroke, naj prihajajo k meni, in ne branite jim, kajti tak\u0161nih je Bo\u017eje kraljestvo. (Mr<br \/>\n10,14)<\/p><\/blockquote>\n<p>\u010ce \u017eelite krstiti svojega otroka, se vsaj mesec pred svetim krstom oglasite pri \u017eupniku v \u010dasu uradnih ur ali pa ga pokli\u010dite po telefonu, da se dogovorite za sre\u010danje. \u017dupnik bo pobral podatke o va\u0161em otroku, ki jih potrebuje za krstno knjigo, in vam posredoval vse informacije, ki jih potrebujete. Zmenili<br \/>\nse boste za datum sv. krsta ter za datum priprave. Pri vpisu svetega krsta imejte s seboj dru\u017einsko knji\u017eico (dobili ste jo pri poroki), rojstni list otroka in potrdilo o botrstvu (\u010de boter \u017eivi na podro\u010dju druge \u017eupnije). Prav tako je dobro, \u010de imate takrat \u017ee izbranega zavetnika va\u0161ega otroka. \u010ce star\u0161i, ki\u017eelijo krst otroka, ne prebivajo na podro\u010dju na\u0161e \u017eupnije, potrebujejo dovoljenje za krst drugod, ki ga dobita pri \u017eupniku svoje \u017eupnije.<\/p>\n<p>Sledila bo priprava na sveti krst. Priprava poteka na domu v tednih pred svetim krstom. Pri njej pregledamo obred in bistvene poudarke zakramenta svetega krsta. Pri pripravi so prisotni star\u0161i otroka, za\u017eeljeno pa je, da so zraven tudi botri, \u0161e posebej \u010de so iz doma\u010dih \u017eupnij.<\/p>\n<hr \/>\n<p>&nbsp;<\/p>\n","protected":false},"excerpt":{"rendered":"<p>Pustite\u00a0otroke, naj prihajajo k meni, in ne branite jim, kajti tak\u0161nih je Bo\u017eje kraljestvo. (Mr 10,14) \u010ce \u017eelite krstiti svojega otroka, se vsaj mesec pred svetim krstom oglasite pri \u017eupniku v \u010dasu uradnih ur ali pa ga pokli\u010dite po telefonu, da se dogovorite za sre\u010danje. \u017dupnik bo pobral podatke o va\u0161em otroku, ki jih potrebuje [&hellip;]<\/p>\n","protected":false},"author":1,"featured_media":38,"parent":13,"menu_order":0,"comment_status":"closed","ping_status":"closed","template":"","meta":{"footnotes":""},"class_list":["post-46","page","type-page","status-publish","has-post-thumbnail","hentry"],"post_mailing_queue_ids":[],"_links":{"self":[{"href":"https:\/\/zupnija-jesenice.si\/index.php\/wp-json\/wp\/v2\/pages\/46","targetHints":{"allow":["GET"]}}],"collection":[{"href":"https:\/\/zupnija-jesenice.si\/index.php\/wp-json\/wp\/v2\/pages"}],"about":[{"href":"https:\/\/zupnija-jesenice.si\/index.php\/wp-json\/wp\/v2\/types\/page"}],"author":[{"embeddable":true,"href":"https:\/\/zupnija-jesenice.si\/index.php\/wp-json\/wp\/v2\/users\/1"}],"replies":[{"embeddable":true,"href":"https:\/\/zupnija-jesenice.si\/index.php\/wp-json\/wp\/v2\/comments?post=46"}],"version-history":[{"count":4,"href":"https:\/\/zupnija-jesenice.si\/index.php\/wp-json\/wp\/v2\/pages\/46\/revisions"}],"predecessor-version":[{"id":161,"href":"https:\/\/zupnija-jesenice.si\/index.php\/wp-json\/wp\/v2\/pages\/46\/revisions\/161"}],"up":[{"embeddable":true,"href":"https:\/\/zupnija-jesenice.si\/index.php\/wp-json\/wp\/v2\/pages\/13"}],"wp:featuredmedia":[{"embeddable":true,"href":"https:\/\/zupnija-jesenice.si\/index.php\/wp-json\/wp\/v2\/media\/38"}],"wp:attachment":[{"href":"https:\/\/zupnija-jesenice.si\/index.php\/wp-json\/wp\/v2\/media?parent=46"}],"curies":[{"name":"wp","href":"https:\/\/api.w.org\/{rel}","templated":true}]}}