{"id":299,"date":"2018-09-14T13:45:51","date_gmt":"2018-09-14T13:45:51","guid":{"rendered":"http:\/\/zupnija-jesenice.si\/?page_id=299"},"modified":"2026-04-07T14:57:08","modified_gmt":"2026-04-07T12:57:08","slug":"karitas","status":"publish","type":"page","link":"https:\/\/zupnija-jesenice.si\/index.php\/karitas\/","title":{"rendered":"Karitas"},"content":{"rendered":"\n<h1 class=\"wp-block-heading\">1. KRATKA PREDSTAVITEV<\/h1>\n\n\n\n<p class=\"has-medium-font-size\"><strong>Karitas<\/strong> uresni\u010duje karitativno in socialno poslanstvo Cerkve. Prostovoljci \u017dupnijske karitas Jesenice si prizadevamo pomagati ljudem, ki trpijo kakr\u0161nokoli pomanjkanje in so se zna\u0161li v materialni, duhovni ali du\u0161evni stiski. V vsakem \u010dloveku \u017eelimo videti bli\u017enjega in mu pomagati ohraniti \u010dlove\u0161ko dostojanstvo.<\/p>\n\n\n\n<h1 class=\"wp-block-heading\">2. OSNOVNE INFORMACIJE<\/h1>\n\n\n\n<p class=\"has-medium-font-size\">\u017dupnijska karitas Jesenice<\/p>\n\n\n\n<p class=\"has-medium-font-size\">Ulica Mirkota Roglja 5, SI-4270 Jesenice<\/p>\n\n\n\n<p class=\"has-medium-font-size\">TRR pri Delavski hranilnici: SI56 6100 0000 2930 911<\/p>\n\n\n\n<p class=\"has-medium-font-size\">Dav\u010dna \u0161tevilka: 43583075<\/p>\n\n\n\n<p class=\"has-medium-font-size\">kontakt:&nbsp;<a href=\"mailto:karitas@zupnija.jesenice.si\" target=\"_blank\" rel=\"noreferrer noopener\">karitas@zupnija-jesenice.si<\/a><\/p>\n\n\n\n<p class=\"has-medium-font-size\">Telefon: 064 287 261<\/p>\n\n\n\n<h1 class=\"wp-block-heading\">3. POTREBUJETE POMO\u010c?<\/h1>\n\n\n\n<p class=\"has-medium-font-size\">\u010ce ste v stiski in potrebujete pomo\u010d, nam lahko pi\u0161ete na na\u0161 naslov, na&nbsp;<a href=\"mailto:karitas@zupnija.jesenice.si\" target=\"_blank\" rel=\"noreferrer noopener\">karitas@zupnija-jesenice.si<\/a>&nbsp;ali nas osebno obi\u0161\u010dete. Z veseljem si bomo vzeli \u010das in vam prisluhnili.<\/p>\n\n\n\n<p class=\"has-medium-font-size\">Prostori \u017dupnijske karitas se nahajajo na <strong>Cesti mar\u0161ala Tita 65<\/strong>, v spodnji eta\u017ei v \u017eupnijskem domu.<\/p>\n\n\n\n<p class=\"has-medium-font-size\">Za sprejem in delitev obla\u010dil je \u017dupnijska Karitas odprta <strong>prvi in tretji torek v mesecu od 16. do 18. ure<\/strong>, razen ob praznikih.<\/p>\n\n\n\n<p class=\"has-medium-font-size\">(Zbiramo \u010dista uporabna obla\u010dila glede na potrebe \u2013 letni \u010dasi, enako velja za obutev).<\/p>\n\n\n\n<p class=\"has-medium-font-size\"><\/p>\n\n\n\n<p class=\"has-large-font-size\"><strong>OBVESTILO:<\/strong><\/p>\n\n\n\n<p class=\"has-medium-font-size\">Za sprejem in izdajo obla\u010dil smo prisotni od<br>16.00 do 18.00 ure v naslednjih terminih:<\/p>\n\n\n\n<p class=\"has-medium-font-size\"><strong>APRIL 2026<\/strong><br>\u2022 torek, 7. 4. 2026<br>\u2022 torek, 21. 4. 2026<\/p>\n\n\n\n<p class=\"has-medium-font-size\"><strong>MAJ 2026<\/strong><br>\u2022 torek, 5. 5. 2026<br>\u2022 torek, 19. 5. 2026<\/p>\n\n\n\n<p class=\"has-medium-font-size\"><strong>JUNIJ 2026<\/strong><br>\u2022 torek, 2.6. 2026<br>\u2022 torek, 16. 6. 2026<\/p>\n\n\n\n<p><strong>JULIJ IN AVGUST &#8211;&nbsp; ZAPRTO<\/strong><\/p>\n\n\n\n<p class=\"has-medium-font-size\">Prosimo vas, da obla\u010dil in drugih stvari ne<br>pu\u0161\u010date pred vrati.<\/p>\n\n\n\n<p class=\"has-medium-font-size\">Hvala<\/p>\n\n\n\n<p class=\"has-large-font-size\"><strong>OBVESTILO<\/strong><\/p>\n\n\n\n<p class=\"has-medium-font-size\">\u017dupnijska karitas Jesenice razdeljuje hrano, sofinancirano iz sredstev Evropske unije. Vklju\u010dena je v Program ESS+ Za odpravljanje materialne prikraj\u0161anosti v Sloveniji. <a href=\"https:\/\/www.karitaslj.si\/projekti-ess.php\">https:\/\/www.karitaslj.si\/projekti-ess.php<\/a><\/p>\n\n\n\n<p class=\"has-large-font-size\">DELITEV HRANE<\/p>\n\n\n\n<p class=\"has-medium-font-size\">Delitev hrane bo <strong>v soboto, 11.4.2026 od 9:00 do 12:00.<\/strong> <\/p>\n\n\n\n<p class=\"has-medium-font-size\"><strong>Vsi ki \u0161e niste oddali dokazil pridite <\/strong>po 11:00 uri.<\/p>\n\n\n\n<h1 class=\"wp-block-heading\">4. BI RADI POMAGALI?<\/h1>\n\n\n\n<p class=\"has-medium-font-size\">Veseli bomo denarnih sredstev, ki jih lahko naka\u017eete na na\u0161 transakcijski ra\u010dun&nbsp;SI56 6100 0000 2930 911 ali oddate v Karitas nabiralnik v cerkvi.<\/p>\n\n\n\n<p class=\"has-medium-font-size\">\u017delite postati prostovoljec in narediti nekaj dobrega za druge? Pridru\u017eite se nam na na\u0161em sre\u010danju vsak drugi ponedeljek v mesecu po ve\u010derni sv. ma\u0161i v \u017eupnijskem domu.<\/p>\n\n\n\n<p class=\"has-large-font-size\"><strong>Namenitev dohodnine<\/strong><\/p>\n\n\n\n<p class=\"has-medium-font-size\">Vabimo vas, da 1 % dohodnine namenite \u017dupnijski karitas Jesenice za pomo\u010d ljudem v stiski.<\/p>\n\n\n\n<p class=\"has-medium-font-size\">\u010ce se do sedaj \u0161e niste odlo\u010dili za namenitev dela dohodnine, lahko to storite kadarkoli. Va\u0161a odlo\u010ditev za vas ne predstavlja nikakr\u0161ne dodatne finan\u010dne oziroma dav\u010dne obremenitve.<\/p>\n\n\n\n<p class=\"has-medium-font-size\">Odlo\u010ditev velja za nedolo\u010den \u010das do preklica ali spremembe. Razvidna je na dav\u010dni odlo\u010dbi ali informativnem izra\u010dunu.<\/p>\n\n\n\n<p class=\"has-medium-font-size\">Kako namenite 1 % dohodnine za \u017dupnijsko karitas Jesenice<\/p>\n\n\n\n<p class=\"has-medium-font-size\">Izpolnite  spodnji <strong>obrazec <\/strong>in nam ga oddajte v nabiralnik (Prostori \u017dupnijske karitas se nahajajo na<strong>&nbsp;Cesti mar\u0161ala Tita 65<\/strong>, v spodnji eta\u017ei v \u017eupnijskem domu) ali po\u0161ljite po po\u0161ti na naslov:<\/p>\n\n\n\n<p class=\"has-medium-font-size\">\u017dupnijska karitas Jesenice, Ulica Mirkota Roglja 5,4270 Jesenice<\/p>\n\n\n\n<div data-wp-interactive=\"core\/file\" class=\"wp-block-file\"><object data-wp-bind--hidden=\"!state.hasPdfPreview\" hidden class=\"wp-block-file__embed\" data=\"https:\/\/zupnija-jesenice.si\/wp-content\/uploads\/2024\/11\/DOHODNINA-1-.pdf\" type=\"application\/pdf\" style=\"width:100%;height:600px\" aria-label=\"Vdelava DOHODNINA 1 %\"><\/object><a id=\"wp-block-file--media-dc36fe84-808a-495f-8ae0-86f01c41fe7b\" href=\"https:\/\/zupnija-jesenice.si\/wp-content\/uploads\/2024\/11\/DOHODNINA-1-.pdf\">DOHODNINA 1 %<\/a><a href=\"https:\/\/zupnija-jesenice.si\/wp-content\/uploads\/2024\/11\/DOHODNINA-1-.pdf\" class=\"wp-block-file__button wp-element-button\" download aria-describedby=\"wp-block-file--media-dc36fe84-808a-495f-8ae0-86f01c41fe7b\">Prenos<\/a><\/div>\n","protected":false},"excerpt":{"rendered":"<p>1. KRATKA PREDSTAVITEV Karitas uresni\u010duje karitativno in socialno poslanstvo Cerkve. Prostovoljci \u017dupnijske karitas Jesenice si prizadevamo pomagati ljudem, ki trpijo kakr\u0161nokoli pomanjkanje in so se zna\u0161li v materialni, duhovni ali du\u0161evni stiski. V vsakem \u010dloveku \u017eelimo videti bli\u017enjega in mu pomagati ohraniti \u010dlove\u0161ko dostojanstvo. 2. OSNOVNE INFORMACIJE \u017dupnijska karitas Jesenice Ulica Mirkota Roglja 5, SI-4270 [&hellip;]<\/p>\n","protected":false},"author":1,"featured_media":0,"parent":0,"menu_order":0,"comment_status":"closed","ping_status":"closed","template":"","meta":{"footnotes":""},"class_list":["post-299","page","type-page","status-publish","hentry"],"post_mailing_queue_ids":[],"_links":{"self":[{"href":"https:\/\/zupnija-jesenice.si\/index.php\/wp-json\/wp\/v2\/pages\/299","targetHints":{"allow":["GET"]}}],"collection":[{"href":"https:\/\/zupnija-jesenice.si\/index.php\/wp-json\/wp\/v2\/pages"}],"about":[{"href":"https:\/\/zupnija-jesenice.si\/index.php\/wp-json\/wp\/v2\/types\/page"}],"author":[{"embeddable":true,"href":"https:\/\/zupnija-jesenice.si\/index.php\/wp-json\/wp\/v2\/users\/1"}],"replies":[{"embeddable":true,"href":"https:\/\/zupnija-jesenice.si\/index.php\/wp-json\/wp\/v2\/comments?post=299"}],"version-history":[{"count":113,"href":"https:\/\/zupnija-jesenice.si\/index.php\/wp-json\/wp\/v2\/pages\/299\/revisions"}],"predecessor-version":[{"id":2986,"href":"https:\/\/zupnija-jesenice.si\/index.php\/wp-json\/wp\/v2\/pages\/299\/revisions\/2986"}],"wp:attachment":[{"href":"https:\/\/zupnija-jesenice.si\/index.php\/wp-json\/wp\/v2\/media?parent=299"}],"curies":[{"name":"wp","href":"https:\/\/api.w.org\/{rel}","templated":true}]}}