{"id":195,"date":"2018-01-13T13:45:55","date_gmt":"2018-01-13T13:45:55","guid":{"rendered":"http:\/\/89.212.70.198\/?page_id=195"},"modified":"2018-10-31T09:18:18","modified_gmt":"2018-10-31T09:18:18","slug":"duhovnisko-posvecenje","status":"publish","type":"page","link":"https:\/\/zupnija-jesenice.si\/index.php\/zakramenti\/duhovnisko-posvecenje\/","title":{"rendered":"Duhovni\u0161ko posve\u010denje"},"content":{"rendered":"<h1><\/h1>\n<h1>Kdo je duhovnik?<\/h1>\n<p>Duhovnik je poklican od Boga, da slu\u017ei ljudem tako, da vodi kr\u0161\u010dansko skupnost, spremlja vernike v njihovi hoji za Jezusom ter \u017ertvuje svoje \u017eivljenje kot daritev Bogu za tiste, ki so mu izro\u010deni.<\/p>\n<p>&nbsp;<\/p>\n<h1>Razmi\u0161lja\u0161 o duhovni\u0161tvu?<\/h1>\n<p>\u010ce razmi\u0161lja\u0161 o duhovni\u0161tvu, si lahko pomaga\u0161 s stranjo Centra za duhovne poklice mariborske \u0161kofije: <a href=\"http:\/\/cdp.nadskofija-maribor.si\/\">http:\/\/cdp.nadskofija-maribor.si\/<\/a><\/p>\n<p>Obi\u0161\u010de\u0161 lahko stran bogoslovnega semeni\u0161\u010da v Ljubljani: <a href=\"http:\/\/semenisce.si\/\">http:\/\/semenisce.si\/<\/a><\/p>\n<p>Ogleda\u0161 pa si lahko tudi katerega od naslednjih film\u010dkov:<\/p>\n<p><iframe title=\"Duhovni\u0161tvo - Chris Stefanick\" width=\"500\" height=\"281\" src=\"https:\/\/www.youtube.com\/embed\/8Uc3Mfqq1xk?feature=oembed\" frameborder=\"0\" allow=\"accelerometer; autoplay; clipboard-write; encrypted-media; gyroscope; picture-in-picture; web-share\" referrerpolicy=\"strict-origin-when-cross-origin\" allowfullscreen><\/iframe><\/p>\n<p><iframe title=\"Sledil bom\" width=\"500\" height=\"281\" src=\"https:\/\/www.youtube.com\/embed\/fFjhqsCB4Po?feature=oembed\" frameborder=\"0\" allow=\"accelerometer; autoplay; clipboard-write; encrypted-media; gyroscope; picture-in-picture; web-share\" referrerpolicy=\"strict-origin-when-cross-origin\" allowfullscreen><\/iframe><\/p>\n<hr \/>\n<p><strong>DIAKONSKA SLU\u017dBA<\/strong><\/p>\n<p>V Cerkvi obstajajo tri stopnje hierarhi\u010dnega duhovni\u0161tva: diakonska, duhovni\u0161ka in \u0161kofovska slu\u017eba. Skozi zgodovino se je diakonat kot samostojna slu\u017eba skorajda izgubil in postal le predstopnja duhovni\u0161kega posve\u010denja. Vendar ga tako ne smemo razumeti. Drugi vatikanski koncil je zopet uvedel diakonat kot samostojno in stalno hierarhi\u010dno stopnjo, da bi sodobna Cerkev postajala vedno bolj podobna cveto\u010dim kr\u0161\u010danskim skupnostim prvih stoletij.<\/p>\n<p>Veliko te\u017eo pri vnovi\u010dni uvedbi stalnega diakonata je imela zahteva, da bi bili slu\u017eabniki Cerkve bolj in neposredno navzo\u010di ne le v obstoje\u010dih pastoralnih strukturah, ampak tudi na razli\u010dnih civilnih podro\u010djih: v dru\u017eini, \u0161oli, delu itn. Tako je stalni diakonat za poslanstvo Cerkve v dana\u0161njem \u010dasu pomembna obogatitev.<\/p>\n<p><strong>Kaj je slu\u017eba stalnega diakona?<\/strong><\/p>\n<p>Diakoni lahko postanejo mo\u017eje, v celibatu ali poro\u010deni. Krajevni \u0161kof jih posveti, da bi v mo\u010di zakramenta svetega reda opravljali slu\u017ebo v liturgi\u010dnem in pastoralnem \u017eivljenju, v socialnih in karitativnih dejavnostih. Diakoni pomagajo \u0161kofu in duhovnikom na mnogotere na\u010dine: pri obhajanju evharistije, deliti smejo zakrament krsta, blagosloviti novoporo\u010denca in poro\u010dati, oznanjajo evangelij med ma\u0161o in besednim bogoslu\u017ejem, pridigajo, vodijo pogrebe in se posve\u010dajo razli\u010dnim karitativnim dejavnostim. Diakonat se podeli s posebnim izlitjem Duha (posve\u010denje), ki upodobi prejemnika po Kristusu, Gospodu in slu\u017eabniku vseh. Na diakone polagajo roke ne za duhovni\u0161tvo, ampak za stre\u017eni\u0161tvo, to je: ne za obhajanje evharistije, ampak za slu\u017eenje. Zato je diakon v Cerkvi posebno zakramentalno znamenje Kristusa kot slu\u017eabnika. Njegova naloga je, da bi bil nekak tolma\u010d potreb in \u017eelj kr\u0161\u010danskih ob\u010destev, kakor tudi pospe\u0161evatelj slu\u017ebe ali diakonije Cerkve, ki je ena od bistvenih nalog Cerkve. Tako je diakonovo pomembno mesto v socialno-karitativnih dejavnostih ali ustanovah Cerkve. Stalni diakon ve\u010dinoma opravlja svojo civilno slu\u017ebo in le malo jih je polno zaposlenih v cerkveni slu\u017ebi. Tako dela diakon skupaj z ljudmi, ki so pogosto neverni in posve\u010duje poklicno delo, daje kr\u0161\u010danski zgled in ka\u017ee, da pripada poklicno delo Bo\u017ejemu na\u010drtu za na\u0161e zveli\u010danje.<\/p>\n<p>Ve\u010dina stalnih diakonov je poro\u010denih in ima svojo dru\u017eino in tako posve\u010dujejo tudi dru\u017einsko \u017eivljenje. Najprej so slu\u017eabniki v dru\u017eini in dajejo zgled kr\u0161\u010danske dru\u017eine. Zaradi svojega polo\u017eaja ve\u010dkrat la\u017eje kot \u017eupnik pridejo v stik z dru\u017einami, ki so oddaljene od Cerkve. Zaradi zakonskega stanu se tudi la\u017eje vklju\u010dujejo v dru\u017einsko in zakonsko pastoralo. V svetu je preko 30.000 stalnih diakonov, v Sloveniji od tega le 14. Slovenska Cerkev se tega zaveda in ho\u010de spodbuditi fante in mo\u017ee, da bi razmislili, \u010de jih morda Gospod ne kli\u010de v slu\u017ebo stalnega diakona.<\/p>\n<p><strong>Kdo lahko postane stalni diakon?<\/strong><\/p>\n<p>Kdor zasli\u0161i Bo\u017eji klic naj ga zaupa \u017eupniku in krajevnemu \u0161kofu. Kandidat se tako podvr\u017ee sodbi Cerkve, ki postavlja kriterije za presojanje poklicanosti. Cerkvena tradicija postavlja naslednje zahteve za posve\u010denje: \u00bbStopnje svetega reda naj prejmejo samo tisti, ki imajo \u2026neokrnjeno vero, pravi namen, potrebno znanje, so na dobrem glasu, nravno neopore\u010dni, presku\u0161eni v kreposti in imajo druge telesne in du\u0161evne lastnosti, ki so primerne za prejem svetega reda.\u00ab<\/p>\n<p>Sv. Polikarp iz drugega stoletja pa svetuje: \u00bbTako morajo biti diakoni pred Bo\u017ejo pravi\u010dnostjo brez napak, kot slu\u017eabniki Boga in Kristusa, ne pa slu\u017eabniki ljudi; zavzeti; resni\u010dno morajo hoditi po poti Gospoda, ki je postal slu\u017eabnik vseh.\u00ab Med \u010dlove\u0161kimi lastnostmi diakona so: psihi\u010dna zrelost, sposobnost komuniciranja, \u010dut odgovornosti, marljivost, uravnove\u0161enost in modrost.<\/p>\n<p>Med evangeljskimi krepostmi se nagla\u0161ajo: molitev, evharisti\u010dna in marijanska pobo\u017enost ter vdan in izrazit \u010dut za Cerkev.<\/p>\n<p>Pripravniki morajo biti \u017eivo povezani s kr\u0161\u010dansko skupnostjo. Izhajajo lahko iz vseh socialnih slojev in lahko opravljajo poklic, \u010de ta ni v nasprotju z diakonskim stanom. Poleg tega mora biti njihova dejavnost zdru\u017eljiva z obveznostmi, ki jih imajo v \u010dasu priprave na diakonat.<\/p>\n<p>Za tiste, ki so v mladosti poklicani v diakonsko slu\u017ebo velja pravilo celibata, ki je \u0161e posebej primerno za to slu\u017ebo in se mu prostovoljno podvr\u017eejo tisti, ki so prejeli karizmo celibata. Tako je diakon popolnoma na razpolago Cerkvi.<\/p>\n<p>Poro\u010deni mo\u0161ki pa smejo postati diakoni z najmanj 35 leti starosti, ki so ve\u010d let poro\u010deni in je njihov zakon in dru\u017eina na dobrem glasu. Z njihovo odlo\u010ditvijo se morajo strinjati tudi \u017eene. Seveda morajo biti utrjeni v kr\u0161\u010danskem \u017eivljenju. Po prejemu svetega reda diakoni, v skladu z izro\u010dilom Cerkve ne morejo ve\u010d skleniti zakona.<\/p>\n<p>Splo\u0161ne smernice za oblikovanje diakonov je izdala Kongregacija za katoli\u0161ko vzgojo in Kongregacija za duhovnike, ki nalagata posameznim \u0161kofovskim konferencam, da pripravijo nacionalne smernice za oblikovanje stalnih diakonov. Na slovenski ravni\u00a0 smernice za oblikovanje stalnih diakonov najdete <strong><a href=\"http:\/\/cdp2.nadskofija-maribor.si\/cdp2\/index.php\/home\/knjizice-za-teden-molitve\/122-narodne-smernice-za-oblikovanje-in-slubo-stalnih-diakonov-1\/file\">TUKAJ.<\/a><\/strong><\/p>\n","protected":false},"excerpt":{"rendered":"<p>Kdo je duhovnik? Duhovnik je poklican od Boga, da slu\u017ei ljudem tako, da vodi kr\u0161\u010dansko skupnost, spremlja vernike v njihovi hoji za Jezusom ter \u017ertvuje svoje \u017eivljenje kot daritev Bogu za tiste, ki so mu izro\u010deni. &nbsp; Razmi\u0161lja\u0161 o duhovni\u0161tvu? \u010ce razmi\u0161lja\u0161 o duhovni\u0161tvu, si lahko pomaga\u0161 s stranjo Centra za duhovne poklice mariborske \u0161kofije: [&hellip;]<\/p>\n","protected":false},"author":1,"featured_media":197,"parent":11,"menu_order":60,"comment_status":"closed","ping_status":"closed","template":"","meta":{"footnotes":""},"class_list":["post-195","page","type-page","status-publish","has-post-thumbnail","hentry"],"post_mailing_queue_ids":[],"_links":{"self":[{"href":"https:\/\/zupnija-jesenice.si\/index.php\/wp-json\/wp\/v2\/pages\/195","targetHints":{"allow":["GET"]}}],"collection":[{"href":"https:\/\/zupnija-jesenice.si\/index.php\/wp-json\/wp\/v2\/pages"}],"about":[{"href":"https:\/\/zupnija-jesenice.si\/index.php\/wp-json\/wp\/v2\/types\/page"}],"author":[{"embeddable":true,"href":"https:\/\/zupnija-jesenice.si\/index.php\/wp-json\/wp\/v2\/users\/1"}],"replies":[{"embeddable":true,"href":"https:\/\/zupnija-jesenice.si\/index.php\/wp-json\/wp\/v2\/comments?post=195"}],"version-history":[{"count":4,"href":"https:\/\/zupnija-jesenice.si\/index.php\/wp-json\/wp\/v2\/pages\/195\/revisions"}],"predecessor-version":[{"id":356,"href":"https:\/\/zupnija-jesenice.si\/index.php\/wp-json\/wp\/v2\/pages\/195\/revisions\/356"}],"up":[{"embeddable":true,"href":"https:\/\/zupnija-jesenice.si\/index.php\/wp-json\/wp\/v2\/pages\/11"}],"wp:featuredmedia":[{"embeddable":true,"href":"https:\/\/zupnija-jesenice.si\/index.php\/wp-json\/wp\/v2\/media\/197"}],"wp:attachment":[{"href":"https:\/\/zupnija-jesenice.si\/index.php\/wp-json\/wp\/v2\/media?parent=195"}],"curies":[{"name":"wp","href":"https:\/\/api.w.org\/{rel}","templated":true}]}}