{"id":19,"date":"2017-08-25T15:07:04","date_gmt":"2017-08-25T15:07:04","guid":{"rendered":"http:\/\/localhost\/wp%20jesenice\/?page_id=19"},"modified":"2018-09-19T15:08:48","modified_gmt":"2018-09-19T15:08:48","slug":"birma","status":"publish","type":"page","link":"https:\/\/zupnija-jesenice.si\/index.php\/zakramenti\/birma\/","title":{"rendered":"Birma"},"content":{"rendered":"<h1><\/h1>\n<h1>Prejem birme<\/h1>\n<p>Jezus je obljubil, da bo u\u010dencem poslal mo\u010d z vi\u0161ave. U\u010denci so tako bili na binko\u0161ti napolnjeni s Svetim Duhom. Isti Sveti Duh nas lahko napolni pri zakramentu svete birme. V na\u0161i \u017eupniji stremimo k temu, da bi se pripravniki na birmo dobro pripravili na prejem zakramenta svete birme. Pri pripravi si pomagamo s programom \u00bbIzvoljeni\u00ab.<\/p>\n<p>Leto\u0161nji pripravniki se pripravljajo na birmo, ki bo v letu 2020.<br \/>\nPriprave za mlade 7. in 8. razreda so se za\u010dele v septembru 2018.<\/p>\n<h1>Odrasli<\/h1>\n<p>Zakrament svete birme v nas utrdi darove, ki nam jih je podaril zakrament svetega krsta. Mogo\u010de ste bili kot otrok kr\u0161\u010deni, pa kasneje niste prejeli zakramenta svete birme. V tem primeru ste lepo povabljeni, da se nam pridru\u017eite pri pripravi odraslih na prejem zakramentov.<\/p>\n<h1>Birmanski boter<\/h1>\n<p>\u010ce \u017eelite postati birmanski boter, si najprej preberite ve\u010d o nalogi birmanskega botra.<br \/>\nV tem letu se bodo birmanski botri iz na\u0161e \u017eupnije morali udele\u017eiti dekanijske in \u017eupnijske priprave.<\/p>\n<p><a href=\"https:\/\/zupnija-jesenice.si\/index.php\/biti-boter\/\"><button>Ve\u010d o boterstvu<\/button><\/a><\/p>\n<h1><\/h1>\n<hr \/>\n<p>&nbsp;<\/p>\n","protected":false},"excerpt":{"rendered":"<p>Prejem birme Jezus je obljubil, da bo u\u010dencem poslal mo\u010d z vi\u0161ave. U\u010denci so tako bili na binko\u0161ti napolnjeni s Svetim Duhom. Isti Sveti Duh nas lahko napolni pri zakramentu svete birme. V na\u0161i \u017eupniji stremimo k temu, da bi se pripravniki na birmo dobro pripravili na prejem zakramenta svete birme. Pri pripravi si pomagamo [&hellip;]<\/p>\n","protected":false},"author":1,"featured_media":135,"parent":11,"menu_order":20,"comment_status":"closed","ping_status":"closed","template":"","meta":{"footnotes":""},"class_list":["post-19","page","type-page","status-publish","has-post-thumbnail","hentry"],"post_mailing_queue_ids":[],"_links":{"self":[{"href":"https:\/\/zupnija-jesenice.si\/index.php\/wp-json\/wp\/v2\/pages\/19","targetHints":{"allow":["GET"]}}],"collection":[{"href":"https:\/\/zupnija-jesenice.si\/index.php\/wp-json\/wp\/v2\/pages"}],"about":[{"href":"https:\/\/zupnija-jesenice.si\/index.php\/wp-json\/wp\/v2\/types\/page"}],"author":[{"embeddable":true,"href":"https:\/\/zupnija-jesenice.si\/index.php\/wp-json\/wp\/v2\/users\/1"}],"replies":[{"embeddable":true,"href":"https:\/\/zupnija-jesenice.si\/index.php\/wp-json\/wp\/v2\/comments?post=19"}],"version-history":[{"count":8,"href":"https:\/\/zupnija-jesenice.si\/index.php\/wp-json\/wp\/v2\/pages\/19\/revisions"}],"predecessor-version":[{"id":310,"href":"https:\/\/zupnija-jesenice.si\/index.php\/wp-json\/wp\/v2\/pages\/19\/revisions\/310"}],"up":[{"embeddable":true,"href":"https:\/\/zupnija-jesenice.si\/index.php\/wp-json\/wp\/v2\/pages\/11"}],"wp:featuredmedia":[{"embeddable":true,"href":"https:\/\/zupnija-jesenice.si\/index.php\/wp-json\/wp\/v2\/media\/135"}],"wp:attachment":[{"href":"https:\/\/zupnija-jesenice.si\/index.php\/wp-json\/wp\/v2\/media?parent=19"}],"curies":[{"name":"wp","href":"https:\/\/api.w.org\/{rel}","templated":true}]}}