{"id":17,"date":"2017-08-25T15:05:31","date_gmt":"2017-08-25T15:05:31","guid":{"rendered":"http:\/\/localhost\/wp%20jesenice\/?page_id=17"},"modified":"2023-09-20T13:15:29","modified_gmt":"2023-09-20T11:15:29","slug":"obhajilo","status":"publish","type":"page","link":"https:\/\/zupnija-jesenice.si\/index.php\/zakramenti\/obhajilo\/","title":{"rendered":"Evharistija"},"content":{"rendered":"<h1>Kaj je evharistija?<\/h1>\n<p>Evharistija je vir in vrhunec kr\u0161\u010danskega \u017eivljenja. Verjamemo namre\u010d, da se kruh in vino resni\u010dno spremenita v Jezusovo Telo in Kri. Zato je sveta ma\u0161a osrednji in najpomembnej\u0161i dogodek v \u017eupniji. Na\u0161a \u017eupnija ga \u017eeli obhajati na spo\u0161tljiv in hkrati povezovalen na\u010din.<\/p>\n<h1>Urnik svetih ma\u0161<\/h1>\n<p>To\u010den spored je objavljen v mese\u010dnih oznanilih.<\/p>\n<p><img fetchpriority=\"high\" decoding=\"async\" class=\"size-medium wp-image-188 aligncenter\" style=\"border: solid #eee 10px;\" src=\"http:\/\/89.212.70.198\/wp-content\/uploads\/2018\/01\/cathopic_1484505558509581-300x225.jpg\" alt=\"\" width=\"300\" height=\"225\" srcset=\"https:\/\/zupnija-jesenice.si\/wp-content\/uploads\/2018\/01\/cathopic_1484505558509581-300x225.jpg 300w, https:\/\/zupnija-jesenice.si\/wp-content\/uploads\/2018\/01\/cathopic_1484505558509581-768x576.jpg 768w, https:\/\/zupnija-jesenice.si\/wp-content\/uploads\/2018\/01\/cathopic_1484505558509581-1024x768.jpg 1024w, https:\/\/zupnija-jesenice.si\/wp-content\/uploads\/2018\/01\/cathopic_1484505558509581-24x18.jpg 24w, https:\/\/zupnija-jesenice.si\/wp-content\/uploads\/2018\/01\/cathopic_1484505558509581-36x27.jpg 36w, https:\/\/zupnija-jesenice.si\/wp-content\/uploads\/2018\/01\/cathopic_1484505558509581-48x36.jpg 48w\" sizes=\"(max-width: 300px) 100vw, 300px\" \/><\/p>\n<h1>Prvo sveto obhajilo<\/h1>\n<p>Otroci lahko prvi\u010d prejmejo sveto obhajilo po prvi sveti spovedi in dobri pripravi. V na\u0161i \u017eupniji poteka priprava v 3. razredu verouka, obhajilo pa otroci prejmejo na koncu 3. razreda<\/p>\n<h1><\/h1>\n<h1>Priprava odraslih na zakramente<\/h1>\n<p>\u010ce ste bili kr\u0161\u010deni, vendar kasneje niste bili pri prvem svetem obhajilu in pri birmi, se lahko priklju\u010dite pripravi odraslih na zakramente, ki poteka v \u017eupniji Breznica.<\/p>\n<h1>Obhajilo na domu<\/h1>\n<p>Starej\u0161i in bolniki, ki jim je onemogo\u010deno priti k nedeljski sveti ma\u0161i, imajo mo\u017enost obhajila na domu. Duhovnik ali diakon jih obi\u0161\u010deta vsak mesec na prvi petek. Prijavite se lahko pri \u017eupniku na telefon ali elektronski naslov.<\/p>\n<h1><\/h1>\n<hr \/>\n","protected":false},"excerpt":{"rendered":"<p>Kaj je evharistija? Evharistija je vir in vrhunec kr\u0161\u010danskega \u017eivljenja. Verjamemo namre\u010d, da se kruh in vino resni\u010dno spremenita v Jezusovo Telo in Kri. Zato je sveta ma\u0161a osrednji in najpomembnej\u0161i dogodek v \u017eupniji. Na\u0161a \u017eupnija ga \u017eeli obhajati na spo\u0161tljiv in hkrati povezovalen na\u010din. Urnik svetih ma\u0161 To\u010den spored je objavljen v mese\u010dnih oznanilih. [&hellip;]<\/p>\n","protected":false},"author":1,"featured_media":187,"parent":11,"menu_order":30,"comment_status":"closed","ping_status":"closed","template":"","meta":{"footnotes":""},"class_list":["post-17","page","type-page","status-publish","has-post-thumbnail","hentry"],"post_mailing_queue_ids":[],"_links":{"self":[{"href":"https:\/\/zupnija-jesenice.si\/index.php\/wp-json\/wp\/v2\/pages\/17","targetHints":{"allow":["GET"]}}],"collection":[{"href":"https:\/\/zupnija-jesenice.si\/index.php\/wp-json\/wp\/v2\/pages"}],"about":[{"href":"https:\/\/zupnija-jesenice.si\/index.php\/wp-json\/wp\/v2\/types\/page"}],"author":[{"embeddable":true,"href":"https:\/\/zupnija-jesenice.si\/index.php\/wp-json\/wp\/v2\/users\/1"}],"replies":[{"embeddable":true,"href":"https:\/\/zupnija-jesenice.si\/index.php\/wp-json\/wp\/v2\/comments?post=17"}],"version-history":[{"count":12,"href":"https:\/\/zupnija-jesenice.si\/index.php\/wp-json\/wp\/v2\/pages\/17\/revisions"}],"predecessor-version":[{"id":2228,"href":"https:\/\/zupnija-jesenice.si\/index.php\/wp-json\/wp\/v2\/pages\/17\/revisions\/2228"}],"up":[{"embeddable":true,"href":"https:\/\/zupnija-jesenice.si\/index.php\/wp-json\/wp\/v2\/pages\/11"}],"wp:featuredmedia":[{"embeddable":true,"href":"https:\/\/zupnija-jesenice.si\/index.php\/wp-json\/wp\/v2\/media\/187"}],"wp:attachment":[{"href":"https:\/\/zupnija-jesenice.si\/index.php\/wp-json\/wp\/v2\/media?parent=17"}],"curies":[{"name":"wp","href":"https:\/\/api.w.org\/{rel}","templated":true}]}}