{"id":15,"date":"2017-08-25T15:04:48","date_gmt":"2017-08-25T15:04:48","guid":{"rendered":"http:\/\/localhost\/wp%20jesenice\/?page_id=15"},"modified":"2025-06-06T08:32:23","modified_gmt":"2025-06-06T06:32:23","slug":"spoved","status":"publish","type":"page","link":"https:\/\/zupnija-jesenice.si\/index.php\/zakramenti\/spoved\/","title":{"rendered":"Spoved"},"content":{"rendered":"<h1><\/h1>\n<h1>Kaj je spoved?<\/h1>\n<p>Jezus je svojim u\u010dencem podelil mo\u010d odpu\u0161\u010dati grehe: \u00bbKaterim grehe odpustite, so jim odpu\u0161\u010deni; katerim jih zadr\u017eite, so jim zadr\u017eani.\u00ab (Jn 20,23) Danes njihovo poslanstvo opravljajo duhovniki pri zakramentu svete spovedi. Jezus tako po duhovniku odpusti grehe tistemu, ki skesan pride k Njemu.<\/p>\n<h1>Urnik spovedi<\/h1>\n<p>Mo\u017enost svete spovedi na Jesenicah je ob petkih in sobotah od 18.15 do 18.45. \u0160e posebej vabljeni k sveti spovedi na prvi petek in prvo soboto. Pri Svetem Kri\u017eu je spovedovanje ob petkih 20 minut pred sv. ma\u0161o. Na Dovjem je spovedovanje ob nedeljah 20 minut pred sv. ma\u0161o.<\/p>\n<p>\u010ce \u017eelite, se lahko z \u017eupnikom dogovorite tudi za drug termin. Ob sveti spovedi je tudi mo\u017enost duhovnega pogovora.<\/p>\n<h1><\/h1>\n<hr \/>\n","protected":false},"excerpt":{"rendered":"<p>Kaj je spoved? Jezus je svojim u\u010dencem podelil mo\u010d odpu\u0161\u010dati grehe: \u00bbKaterim grehe odpustite, so jim odpu\u0161\u010deni; katerim jih zadr\u017eite, so jim zadr\u017eani.\u00ab (Jn 20,23) Danes njihovo poslanstvo opravljajo duhovniki pri zakramentu svete spovedi. Jezus tako po duhovniku odpusti grehe tistemu, ki skesan pride k Njemu. Urnik spovedi Mo\u017enost svete spovedi na Jesenicah je ob [&hellip;]<\/p>\n","protected":false},"author":1,"featured_media":42,"parent":11,"menu_order":40,"comment_status":"closed","ping_status":"closed","template":"","meta":{"footnotes":""},"class_list":["post-15","page","type-page","status-publish","has-post-thumbnail","hentry"],"post_mailing_queue_ids":[],"_links":{"self":[{"href":"https:\/\/zupnija-jesenice.si\/index.php\/wp-json\/wp\/v2\/pages\/15","targetHints":{"allow":["GET"]}}],"collection":[{"href":"https:\/\/zupnija-jesenice.si\/index.php\/wp-json\/wp\/v2\/pages"}],"about":[{"href":"https:\/\/zupnija-jesenice.si\/index.php\/wp-json\/wp\/v2\/types\/page"}],"author":[{"embeddable":true,"href":"https:\/\/zupnija-jesenice.si\/index.php\/wp-json\/wp\/v2\/users\/1"}],"replies":[{"embeddable":true,"href":"https:\/\/zupnija-jesenice.si\/index.php\/wp-json\/wp\/v2\/comments?post=15"}],"version-history":[{"count":6,"href":"https:\/\/zupnija-jesenice.si\/index.php\/wp-json\/wp\/v2\/pages\/15\/revisions"}],"predecessor-version":[{"id":2712,"href":"https:\/\/zupnija-jesenice.si\/index.php\/wp-json\/wp\/v2\/pages\/15\/revisions\/2712"}],"up":[{"embeddable":true,"href":"https:\/\/zupnija-jesenice.si\/index.php\/wp-json\/wp\/v2\/pages\/11"}],"wp:featuredmedia":[{"embeddable":true,"href":"https:\/\/zupnija-jesenice.si\/index.php\/wp-json\/wp\/v2\/media\/42"}],"wp:attachment":[{"href":"https:\/\/zupnija-jesenice.si\/index.php\/wp-json\/wp\/v2\/media?parent=15"}],"curies":[{"name":"wp","href":"https:\/\/api.w.org\/{rel}","templated":true}]}}