{"id":13,"date":"2017-08-25T15:03:29","date_gmt":"2017-08-25T15:03:29","guid":{"rendered":"http:\/\/localhost\/wp%20jesenice\/?page_id=13"},"modified":"2018-09-19T15:11:30","modified_gmt":"2018-09-19T15:11:30","slug":"krst","status":"publish","type":"page","link":"https:\/\/zupnija-jesenice.si\/index.php\/zakramenti\/krst\/","title":{"rendered":"Krst"},"content":{"rendered":"<blockquote><p><em>Glas iz nebes je rekel: \u00bbTa je moj ljubljeni Sin, nad katerim imam veselje.\u00ab<\/em><\/p><\/blockquote>\n<p>Jezus je bil kr\u0161\u010den in tudi svojim u\u010dencem je naro\u010dil, naj krstijo vse narode. Sveti krst nas prenovi, da postanemo Bo\u017eji otroci in del Kristusovega telesa, Cerkve. Da bi lahko \u017eiveli novo \u017eivljenje, nas osvobodi greha. Zato se v na\u0161i \u017eupniji veselimo vsakogar, ki bi rad prejel ta veliki dar.<\/p>\n<h1>Krst otrok<img fetchpriority=\"high\" decoding=\"async\" class=\"alignright wp-image-76 size-medium\" style=\"border: solid #eee 10px;\" src=\"http:\/\/89.212.70.198\/wp-content\/uploads\/2018\/01\/1480581743893578-1-1-300x228.jpg\" alt=\"\" width=\"300\" height=\"228\" srcset=\"https:\/\/zupnija-jesenice.si\/wp-content\/uploads\/2018\/01\/1480581743893578-1-1-300x228.jpg 300w, https:\/\/zupnija-jesenice.si\/wp-content\/uploads\/2018\/01\/1480581743893578-1-1-768x583.jpg 768w, https:\/\/zupnija-jesenice.si\/wp-content\/uploads\/2018\/01\/1480581743893578-1-1-1024x777.jpg 1024w, https:\/\/zupnija-jesenice.si\/wp-content\/uploads\/2018\/01\/1480581743893578-1-1-24x18.jpg 24w, https:\/\/zupnija-jesenice.si\/wp-content\/uploads\/2018\/01\/1480581743893578-1-1-36x27.jpg 36w, https:\/\/zupnija-jesenice.si\/wp-content\/uploads\/2018\/01\/1480581743893578-1-1-48x36.jpg 48w\" sizes=\"(max-width: 300px) 100vw, 300px\" \/><\/h1>\n<p>Mnogi star\u0161i \u017eelijo krstiti svojega otroka, saj se zavedajo pomembnosti tega zakramenta. V na\u0161i \u017eupniji zakrament svetega krsta obhajamo vsako tretjo nedeljo v mesecu po sveti ma\u0161i (razen v izrednih primerih). \u010ce bi tudi vi radi krstili svojega otroka, lahko vse informacije, ki jih potrebujete, prejmete na tej strani.<\/p>\n<p><a href=\"https:\/\/zupnija-jesenice.si\/index.php\/zakramenti\/krst\/krstite-svojega-otroka\/\"><button>Krstite svojega otroka<\/button><\/a><\/p>\n<h1>Bi radi postali katoli\u010dan?<img decoding=\"async\" class=\"size-medium wp-image-146 alignleft\" style=\"border: solid #eee 10px;\" src=\"http:\/\/89.212.70.198\/wp-content\/uploads\/2018\/01\/StockSnap_C4O3SXM9MK-300x200.jpg\" alt=\"\" width=\"300\" height=\"200\" srcset=\"https:\/\/zupnija-jesenice.si\/wp-content\/uploads\/2018\/01\/StockSnap_C4O3SXM9MK-300x200.jpg 300w, https:\/\/zupnija-jesenice.si\/wp-content\/uploads\/2018\/01\/StockSnap_C4O3SXM9MK-768x512.jpg 768w, https:\/\/zupnija-jesenice.si\/wp-content\/uploads\/2018\/01\/StockSnap_C4O3SXM9MK-1024x683.jpg 1024w, https:\/\/zupnija-jesenice.si\/wp-content\/uploads\/2018\/01\/StockSnap_C4O3SXM9MK-24x16.jpg 24w, https:\/\/zupnija-jesenice.si\/wp-content\/uploads\/2018\/01\/StockSnap_C4O3SXM9MK-36x24.jpg 36w, https:\/\/zupnija-jesenice.si\/wp-content\/uploads\/2018\/01\/StockSnap_C4O3SXM9MK-48x32.jpg 48w\" sizes=\"(max-width: 300px) 100vw, 300px\" \/><\/h1>\n<p>\u010ce ste starej\u0161i od 14 let pa bi \u017eeleli prejeti sveti krst, ste dobrodo\u0161li, da se priklju\u010dite na\u0161i pripravi odraslih na prejem zakramentov. Ve\u010d o njej izveste tu.<\/p>\n<p><a href=\"http:\/\/nadskofija-ljubljana.si\/kateheza\/katehumenat\/\"><button>Priprava odraslih na prejem zakramentov<\/button><\/a><\/p>\n<h1>So vas prosili, da bi bili boter?<img decoding=\"async\" class=\"size-medium wp-image-148 alignright\" style=\"border: solid #eee 10px;\" src=\"http:\/\/89.212.70.198\/wp-content\/uploads\/2018\/01\/cathopic_1486130356596435-300x200.jpg\" alt=\"\" width=\"300\" height=\"200\" srcset=\"https:\/\/zupnija-jesenice.si\/wp-content\/uploads\/2018\/01\/cathopic_1486130356596435-300x200.jpg 300w, https:\/\/zupnija-jesenice.si\/wp-content\/uploads\/2018\/01\/cathopic_1486130356596435-768x512.jpg 768w, https:\/\/zupnija-jesenice.si\/wp-content\/uploads\/2018\/01\/cathopic_1486130356596435-1024x683.jpg 1024w, https:\/\/zupnija-jesenice.si\/wp-content\/uploads\/2018\/01\/cathopic_1486130356596435-24x16.jpg 24w, https:\/\/zupnija-jesenice.si\/wp-content\/uploads\/2018\/01\/cathopic_1486130356596435-36x24.jpg 36w, https:\/\/zupnija-jesenice.si\/wp-content\/uploads\/2018\/01\/cathopic_1486130356596435-48x32.jpg 48w\" sizes=\"(max-width: 300px) 100vw, 300px\" \/><\/h1>\n<p>Pri krstu in pri birmi kr\u0161\u010denca ali birmanca spremlja boter. Na tej strani si lahko preberete vse potrebno o botrstvu.<\/p>\n<p><a href=\"https:\/\/zupnija-jesenice.si\/index.php\/biti-boter\/\"><button>Krstni boter<\/button><\/a><\/p>\n<h1><\/h1>\n<hr \/>\n","protected":false},"excerpt":{"rendered":"<p>Glas iz nebes je rekel: \u00bbTa je moj ljubljeni Sin, nad katerim imam veselje.\u00ab Jezus je bil kr\u0161\u010den in tudi svojim u\u010dencem je naro\u010dil, naj krstijo vse narode. Sveti krst nas prenovi, da postanemo Bo\u017eji otroci in del Kristusovega telesa, Cerkve. Da bi lahko \u017eiveli novo \u017eivljenje, nas osvobodi greha. Zato se v na\u0161i \u017eupniji [&hellip;]<\/p>\n","protected":false},"author":1,"featured_media":141,"parent":11,"menu_order":10,"comment_status":"closed","ping_status":"closed","template":"","meta":{"footnotes":""},"class_list":["post-13","page","type-page","status-publish","has-post-thumbnail","hentry"],"post_mailing_queue_ids":[],"_links":{"self":[{"href":"https:\/\/zupnija-jesenice.si\/index.php\/wp-json\/wp\/v2\/pages\/13","targetHints":{"allow":["GET"]}}],"collection":[{"href":"https:\/\/zupnija-jesenice.si\/index.php\/wp-json\/wp\/v2\/pages"}],"about":[{"href":"https:\/\/zupnija-jesenice.si\/index.php\/wp-json\/wp\/v2\/types\/page"}],"author":[{"embeddable":true,"href":"https:\/\/zupnija-jesenice.si\/index.php\/wp-json\/wp\/v2\/users\/1"}],"replies":[{"embeddable":true,"href":"https:\/\/zupnija-jesenice.si\/index.php\/wp-json\/wp\/v2\/comments?post=13"}],"version-history":[{"count":29,"href":"https:\/\/zupnija-jesenice.si\/index.php\/wp-json\/wp\/v2\/pages\/13\/revisions"}],"predecessor-version":[{"id":312,"href":"https:\/\/zupnija-jesenice.si\/index.php\/wp-json\/wp\/v2\/pages\/13\/revisions\/312"}],"up":[{"embeddable":true,"href":"https:\/\/zupnija-jesenice.si\/index.php\/wp-json\/wp\/v2\/pages\/11"}],"wp:featuredmedia":[{"embeddable":true,"href":"https:\/\/zupnija-jesenice.si\/index.php\/wp-json\/wp\/v2\/media\/141"}],"wp:attachment":[{"href":"https:\/\/zupnija-jesenice.si\/index.php\/wp-json\/wp\/v2\/media?parent=13"}],"curies":[{"name":"wp","href":"https:\/\/api.w.org\/{rel}","templated":true}]}}